{"id":198,"date":"2022-05-19T14:14:14","date_gmt":"2022-05-19T13:14:14","guid":{"rendered":"https:\/\/www.porohita.si\/?page_id=198"},"modified":"2022-05-19T14:27:40","modified_gmt":"2022-05-19T13:27:40","slug":"izjava-o-varovanju-podatkov-po-uredbi-gdpr","status":"publish","type":"page","link":"https:\/\/www.porohita.si\/?page_id=198","title":{"rendered":"Izjava o varovanju podatkov po uredbi GDPR"},"content":{"rendered":"\n<p>Osebni podatki, zbrani med registracijo s tem obrazcem, se obdelujejo v skladu s Splo\u0161no uredbo o varstvu podatkov (Uredbo GDPR) in so potrebni za vzpostavljanje stika in zagotavljanje dodatnih informacij o Porohiti in storitvah.  Va\u0161i podatki bodo shranjeni v na\u0161i podatkovni zbirki za obdobje enega leta ali do preklica privolitve.<\/p>\n\n\n\n<p>Po izteku tega obdobja boste po e-po\u0161ti pozvani k privolitvi ali zavrnitvi obdelave in uporabe va\u0161ih osebnih podatkov za isti namen v naslednjem enoletnem obdobju. Od nas lahko kadar koli zahtevate dostop do va\u0161ih podatkov, vnos popravkov in omejitev dostopa do teh podatkov. Za ve\u010d informacij o obdelavi osebnih podatkov in uveljavljanju pravic, povezanih z obdelavo, nam lahko pi\u0161ete na naslov <a href=\"mailto:info@porohita.si\">info@porohita.si<\/a> ali pa preberete <a href=\"https:\/\/www.porohita.si\/?page_id=201\">Pravilnik o zasebnosti.<\/a><\/p>\n\n\n\n<p><\/p>\n","protected":false},"excerpt":{"rendered":"<p>Osebni podatki, zbrani med registracijo s tem obrazcem, se obdelujejo v skladu s Splo\u0161no uredbo o varstvu podatkov (Uredbo GDPR) in so potrebni za vzpostavljanje stika in zagotavljanje dodatnih informacij o Porohiti in storitvah. Va\u0161i podatki bodo shranjeni v na\u0161i podatkovni zbirki za obdobje enega leta ali do preklica privolitve. Po izteku tega obdobja boste po e-po\u0161ti pozvani k privolitvi ali zavrnitvi obdelave in uporabe va\u0161ih osebnih podatkov za isti namen v naslednjem enoletnem obdobju. Od nas lahko kadar koli zahtevate dostop do va\u0161ih podatkov, vnos popravkov in omejitev dostopa do teh podatkov. Za ve\u010d informacij o obdelavi osebnih podatkov [&hellip;]<\/p>\n","protected":false},"author":1,"featured_media":0,"parent":0,"menu_order":0,"comment_status":"closed","ping_status":"closed","template":"","meta":{"ngg_post_thumbnail":0,"footnotes":""},"class_list":["post-198","page","type-page","status-publish","hentry","clearfix"],"yoast_head":"<!-- This site is optimized with the Yoast SEO plugin v27.5 - https:\/\/yoast.com\/product\/yoast-seo-wordpress\/ -->\n<title>Izjava o varovanju podatkov po uredbi GDPR - Porohita<\/title>\n<meta name=\"description\" content=\"GDPR\" \/>\n<meta name=\"robots\" content=\"index, follow, max-snippet:-1, max-image-preview:large, max-video-preview:-1\" \/>\n<link rel=\"canonical\" href=\"https:\/\/www.porohita.si\/?page_id=198\" \/>\n<meta property=\"og:locale\" content=\"sl_SI\" \/>\n<meta property=\"og:type\" content=\"article\" \/>\n<meta property=\"og:title\" content=\"Izjava o varovanju podatkov po uredbi GDPR - Porohita\" \/>\n<meta property=\"og:description\" content=\"GDPR\" \/>\n<meta property=\"og:url\" content=\"https:\/\/www.porohita.si\/?page_id=198\" \/>\n<meta property=\"og:site_name\" content=\"Porohita\" \/>\n<meta property=\"article:modified_time\" content=\"2022-05-19T13:27:40+00:00\" \/>\n<meta name=\"twitter:card\" content=\"summary_large_image\" \/>\n<meta name=\"twitter:label1\" content=\"Est. reading time\" \/>\n\t<meta name=\"twitter:data1\" content=\"1 minuta\" \/>\n<script type=\"application\/ld+json\" class=\"yoast-schema-graph\">{\"@context\":\"https:\\\/\\\/schema.org\",\"@graph\":[{\"@type\":\"WebPage\",\"@id\":\"https:\\\/\\\/www.porohita.si\\\/?page_id=198\",\"url\":\"https:\\\/\\\/www.porohita.si\\\/?page_id=198\",\"name\":\"Izjava o varovanju podatkov po uredbi GDPR - Porohita\",\"isPartOf\":{\"@id\":\"https:\\\/\\\/www.porohita.si\\\/#website\"},\"datePublished\":\"2022-05-19T13:14:14+00:00\",\"dateModified\":\"2022-05-19T13:27:40+00:00\",\"description\":\"GDPR\",\"breadcrumb\":{\"@id\":\"https:\\\/\\\/www.porohita.si\\\/?page_id=198#breadcrumb\"},\"inLanguage\":\"sl-SI\",\"potentialAction\":[{\"@type\":\"ReadAction\",\"target\":[\"https:\\\/\\\/www.porohita.si\\\/?page_id=198\"]}]},{\"@type\":\"BreadcrumbList\",\"@id\":\"https:\\\/\\\/www.porohita.si\\\/?page_id=198#breadcrumb\",\"itemListElement\":[{\"@type\":\"ListItem\",\"position\":1,\"name\":\"Domov\",\"item\":\"https:\\\/\\\/www.porohita.si\\\/\"},{\"@type\":\"ListItem\",\"position\":2,\"name\":\"Izjava o varovanju podatkov po uredbi GDPR\"}]},{\"@type\":\"WebSite\",\"@id\":\"https:\\\/\\\/www.porohita.si\\\/#website\",\"url\":\"https:\\\/\\\/www.porohita.si\\\/\",\"name\":\"Porohita\",\"description\":\"Okrogla stran \u017eivljenja\",\"publisher\":{\"@id\":\"https:\\\/\\\/www.porohita.si\\\/#organization\"},\"potentialAction\":[{\"@type\":\"SearchAction\",\"target\":{\"@type\":\"EntryPoint\",\"urlTemplate\":\"https:\\\/\\\/www.porohita.si\\\/?s={search_term_string}\"},\"query-input\":{\"@type\":\"PropertyValueSpecification\",\"valueRequired\":true,\"valueName\":\"search_term_string\"}}],\"inLanguage\":\"sl-SI\"},{\"@type\":\"Organization\",\"@id\":\"https:\\\/\\\/www.porohita.si\\\/#organization\",\"name\":\"Porohita\",\"url\":\"https:\\\/\\\/www.porohita.si\\\/\",\"logo\":{\"@type\":\"ImageObject\",\"inLanguage\":\"sl-SI\",\"@id\":\"https:\\\/\\\/www.porohita.si\\\/#\\\/schema\\\/logo\\\/image\\\/\",\"url\":\"https:\\\/\\\/www.porohita.si\\\/wp-content\\\/uploads\\\/2022\\\/05\\\/cropped-PS_Glava.png\",\"contentUrl\":\"https:\\\/\\\/www.porohita.si\\\/wp-content\\\/uploads\\\/2022\\\/05\\\/cropped-PS_Glava.png\",\"width\":200,\"height\":79,\"caption\":\"Porohita\"},\"image\":{\"@id\":\"https:\\\/\\\/www.porohita.si\\\/#\\\/schema\\\/logo\\\/image\\\/\"}}]}<\/script>\n<!-- \/ Yoast SEO plugin. -->","yoast_head_json":{"title":"Izjava o varovanju podatkov po uredbi GDPR - Porohita","description":"GDPR","robots":{"index":"index","follow":"follow","max-snippet":"max-snippet:-1","max-image-preview":"max-image-preview:large","max-video-preview":"max-video-preview:-1"},"canonical":"https:\/\/www.porohita.si\/?page_id=198","og_locale":"sl_SI","og_type":"article","og_title":"Izjava o varovanju podatkov po uredbi GDPR - Porohita","og_description":"GDPR","og_url":"https:\/\/www.porohita.si\/?page_id=198","og_site_name":"Porohita","article_modified_time":"2022-05-19T13:27:40+00:00","twitter_card":"summary_large_image","twitter_misc":{"Est. reading time":"1 minuta"},"schema":{"@context":"https:\/\/schema.org","@graph":[{"@type":"WebPage","@id":"https:\/\/www.porohita.si\/?page_id=198","url":"https:\/\/www.porohita.si\/?page_id=198","name":"Izjava o varovanju podatkov po uredbi GDPR - Porohita","isPartOf":{"@id":"https:\/\/www.porohita.si\/#website"},"datePublished":"2022-05-19T13:14:14+00:00","dateModified":"2022-05-19T13:27:40+00:00","description":"GDPR","breadcrumb":{"@id":"https:\/\/www.porohita.si\/?page_id=198#breadcrumb"},"inLanguage":"sl-SI","potentialAction":[{"@type":"ReadAction","target":["https:\/\/www.porohita.si\/?page_id=198"]}]},{"@type":"BreadcrumbList","@id":"https:\/\/www.porohita.si\/?page_id=198#breadcrumb","itemListElement":[{"@type":"ListItem","position":1,"name":"Domov","item":"https:\/\/www.porohita.si\/"},{"@type":"ListItem","position":2,"name":"Izjava o varovanju podatkov po uredbi GDPR"}]},{"@type":"WebSite","@id":"https:\/\/www.porohita.si\/#website","url":"https:\/\/www.porohita.si\/","name":"Porohita","description":"Okrogla stran \u017eivljenja","publisher":{"@id":"https:\/\/www.porohita.si\/#organization"},"potentialAction":[{"@type":"SearchAction","target":{"@type":"EntryPoint","urlTemplate":"https:\/\/www.porohita.si\/?s={search_term_string}"},"query-input":{"@type":"PropertyValueSpecification","valueRequired":true,"valueName":"search_term_string"}}],"inLanguage":"sl-SI"},{"@type":"Organization","@id":"https:\/\/www.porohita.si\/#organization","name":"Porohita","url":"https:\/\/www.porohita.si\/","logo":{"@type":"ImageObject","inLanguage":"sl-SI","@id":"https:\/\/www.porohita.si\/#\/schema\/logo\/image\/","url":"https:\/\/www.porohita.si\/wp-content\/uploads\/2022\/05\/cropped-PS_Glava.png","contentUrl":"https:\/\/www.porohita.si\/wp-content\/uploads\/2022\/05\/cropped-PS_Glava.png","width":200,"height":79,"caption":"Porohita"},"image":{"@id":"https:\/\/www.porohita.si\/#\/schema\/logo\/image\/"}}]}},"_links":{"self":[{"href":"https:\/\/www.porohita.si\/index.php?rest_route=\/wp\/v2\/pages\/198","targetHints":{"allow":["GET"]}}],"collection":[{"href":"https:\/\/www.porohita.si\/index.php?rest_route=\/wp\/v2\/pages"}],"about":[{"href":"https:\/\/www.porohita.si\/index.php?rest_route=\/wp\/v2\/types\/page"}],"author":[{"embeddable":true,"href":"https:\/\/www.porohita.si\/index.php?rest_route=\/wp\/v2\/users\/1"}],"replies":[{"embeddable":true,"href":"https:\/\/www.porohita.si\/index.php?rest_route=%2Fwp%2Fv2%2Fcomments&post=198"}],"version-history":[{"count":3,"href":"https:\/\/www.porohita.si\/index.php?rest_route=\/wp\/v2\/pages\/198\/revisions"}],"predecessor-version":[{"id":203,"href":"https:\/\/www.porohita.si\/index.php?rest_route=\/wp\/v2\/pages\/198\/revisions\/203"}],"wp:attachment":[{"href":"https:\/\/www.porohita.si\/index.php?rest_route=%2Fwp%2Fv2%2Fmedia&parent=198"}],"curies":[{"name":"wp","href":"https:\/\/api.w.org\/{rel}","templated":true}]}}